{"id":35,"date":"2014-07-05T08:09:24","date_gmt":"2014-07-05T06:09:24","guid":{"rendered":"http:\/\/www.smety.cz\/?page_id=35"},"modified":"2014-07-05T08:09:24","modified_gmt":"2014-07-05T06:09:24","slug":"chorvatsko","status":"publish","type":"page","link":"https:\/\/www.smety.cz\/index.php\/chorvatsko\/","title":{"rendered":"Chorvatsko"},"content":{"rendered":"<p>Milujeme Chorvatsko. Na str\u00e1nk\u00e1ch najdete post\u0159ehy z na\u0161ich cest do Chorvatska. Nejsou to z\u00e1zra\u010dn\u00e9 tipy, kter\u00e9 nikde jinde nenajdete, ale t\u0159eba se hod\u00ed.<br \/>\nV Chorvatsku hled\u00e1me sp\u00ed\u0161e klidn\u00e1, tich\u00e1 m\u00edsta s mo\u017enost\u00ed naturistick\u00e9ho (FKK) koup\u00e1n\u00ed. Ne\u010dekejte tedy od n\u00e1s tipy na hotelov\u00e9 resorty s tobog\u00e1ny, lety na pad\u00e1c\u00edch apod. To n\u00e1s nel\u00e1k\u00e1.<\/p>\n","protected":false},"excerpt":{"rendered":"<p>Milujeme Chorvatsko. Na str\u00e1nk\u00e1ch najdete post\u0159ehy z na\u0161ich cest do Chorvatska. Nejsou to z\u00e1zra\u010dn\u00e9 tipy, kter\u00e9 nikde jinde nenajdete, ale t\u0159eba se hod\u00ed. V Chorvatsku hled\u00e1me sp\u00ed\u0161e klidn\u00e1, tich\u00e1 m\u00edsta s mo\u017enost\u00ed naturistick\u00e9ho (FKK) koup\u00e1n\u00ed. Ne\u010dekejte tedy od n\u00e1s tipy na hotelov\u00e9 resorty s tobog\u00e1ny, lety na pad\u00e1c\u00edch apod. To n\u00e1s nel\u00e1k\u00e1.<\/p>\n","protected":false},"author":1,"featured_media":0,"parent":0,"menu_order":0,"comment_status":"open","ping_status":"open","template":"","meta":{"pgc_meta":"","footnotes":""},"pgc_meta":"","_links":{"self":[{"href":"https:\/\/www.smety.cz\/index.php\/wp-json\/wp\/v2\/pages\/35"}],"collection":[{"href":"https:\/\/www.smety.cz\/index.php\/wp-json\/wp\/v2\/pages"}],"about":[{"href":"https:\/\/www.smety.cz\/index.php\/wp-json\/wp\/v2\/types\/page"}],"author":[{"embeddable":true,"href":"https:\/\/www.smety.cz\/index.php\/wp-json\/wp\/v2\/users\/1"}],"replies":[{"embeddable":true,"href":"https:\/\/www.smety.cz\/index.php\/wp-json\/wp\/v2\/comments?post=35"}],"version-history":[{"count":1,"href":"https:\/\/www.smety.cz\/index.php\/wp-json\/wp\/v2\/pages\/35\/revisions"}],"predecessor-version":[{"id":36,"href":"https:\/\/www.smety.cz\/index.php\/wp-json\/wp\/v2\/pages\/35\/revisions\/36"}],"wp:attachment":[{"href":"https:\/\/www.smety.cz\/index.php\/wp-json\/wp\/v2\/media?parent=35"}],"curies":[{"name":"wp","href":"https:\/\/api.w.org\/{rel}","templated":true}]}}