{"id":41,"date":"2015-12-30T14:24:03","date_gmt":"2015-12-30T12:24:03","guid":{"rendered":"http:\/\/www.smety.cz\/?page_id=41"},"modified":"2019-02-14T06:42:26","modified_gmt":"2019-02-14T04:42:26","slug":"enc-krabicka-hr-dalnice","status":"publish","type":"page","link":"https:\/\/www.smety.cz\/index.php\/enc-krabicka-hr-dalnice\/","title":{"rendered":"ENC krabi\u010dka (HR d\u00e1lnice)"},"content":{"rendered":"<p><strong>Zn\u00e1m\u00fdm a kamar\u00e1d\u016fm<\/strong> (pokud v\u00e1m tuto str\u00e1nku najde Google a nezn\u00e1me se, pros\u00edm nepi\u0161te mi &#8211; krabi\u010dku &#8222;lidem z ulice&#8220; nep\u016fj\u010duji) nab\u00edz\u00edm k zap\u016fj\u010den\u00ed krabi\u010dku pro elektronick\u00e9 m\u00fdtn\u00e9 na chorvatsk\u00fdch d\u00e1lnic\u00edch (sleva cca 20% oproti placen\u00ed kartou\/cash a hlavn\u011b pr\u016fjezd m\u00fdtnicemi bez \u010dek\u00e1n\u00ed). V\u00edce informac\u00ed o krabi\u010dce na <a href=\"http:\/\/www.hac.hr\">www.hac.hr<\/a>. Krabi\u010dka je ur\u010dena pro osobn\u00ed auta do 1.8m. Funguje na d\u00e1lnic\u00edch Z\u00e1h\u0159eb-Dubrovnik a Z\u00e1h\u0159eb-Rijeka. \u00dasek Krapina &#8211; Z\u00e1h\u0159eb je po\u0159\u00e1d nutn\u00e9 platit kartou\/hotov\u011b \ud83d\ude41<br \/>\nNov\u011b m\u00e1m zaregistrovanou krabi\u010dku i na d\u00e1lnice na Istrii.<br \/>\nOd r. 2019 m\u00e1m krabi\u010dky 2 (druh\u00e1 pat\u0159\u00ed s\u00e9g\u0159e). Pokud by term\u00edn, kdy krabi\u010dku pot\u0159ebujete byl ji\u017e obsazen\u00fd, napi\u0161te mi. Mo\u017en\u00e1, \u017ee druh\u00e1 bude je\u0161t\u011b voln\u00e1.<\/p>\n<p><strong>Jak to funguje?<\/strong><br \/>\nP\u0159ed cestou:<br \/>\nV <a href=\"http:\/\/hac.hr\/en\/toll-rates\/pricelist\">cen\u00edku<\/a>&nbsp;si najdete, kolik stoj\u00ed cesta ze Zah\u0159ebu &#8211; Lu\u010dka na v\u00e1mi pou\u017eit\u00fd exit (cena pro kategorii I).<br \/>\nP\u0159ihl\u00e1s\u00edte se na <a href=\"https:\/\/prodaja.hac.hr\/\">https:\/\/prodaja.hac.hr\/<\/a>&nbsp;(login p\u0159ed\u00e1m spolu s krabi\u010dkou).<br \/>\nV menu zvol\u00edte Nadoplata (Add funds), na dal\u0161\u00ed str\u00e1nce Nadoplata karticom (Credit card payment).<br \/>\nNa dal\u0161\u00ed str\u00e1nce do pole Bruto iznos&nbsp;(Gross ammount) zad\u00e1te cenu za cestu (x2 i na cestu zp\u00e1tky). P\u0159i platb\u011b se z n\u00ed automaticky ode\u010dte 21% sleva. Tla\u010d\u00edtko Nastavit na korak 2 (Continue).<br \/>\nZobraz\u00ed se str\u00e1nka s p\u0159ehledem. Pole Bruto iznos (Gross amount)&nbsp;je \u010d\u00e1stka, kter\u00e1 se p\u0159i\u010dte na \u00fa\u010det krabi\u010dky. Pole Iznos za uplatu (Pmt. Amt.)&nbsp;je kolik se v\u00e1m strhne z karty. Tla\u010d\u00edtko Uplata (Pay).<br \/>\nZadejte informace o kart\u011b a zapla\u0165te.<br \/>\nNa cest\u011b:<br \/>\nP\u0159ed m\u00fdtnic\u00ed dejte krabi\u010dku na palubku za okno, za\u0159a\u010fte se do pruhu ozna\u010den\u00e9ho ENC. Pomalu proje\u010fte m\u00fdtnic\u00ed, krabi\u010dka p\u00edpne a zvedne se v\u00e1m z\u00e1vora. Stejn\u00fd postup na v\u00fdjezdu z d\u00e1lnice.<br \/>\n<strong>P\u0159ehled voln\u00fdch term\u00edn\u016f<\/strong><br \/>\n<div class='wpbc_only_calendar'><div id='calendar_booking_unselectable1'><\/div><span class=\"wpdevelop\"><div style=\"clear:both;height:10px;\"><\/div><div class=\"bk_calendar_frame months_num_in_row_ cal_month_num_2 wpbc_timeslot_day_bg_as_available\" style=\"width:568px;\"><div id=\"calendar_booking1\">Nahr\u00e1v\u00e1 se kalend\u00e1\u0159...<\/div><\/div><div style=\"font-size:9px;text-align:left;margin-top:3px;\">Powered by <a style=\"font-size:9px;\" href=\"https:\/\/wpbookingcalendar.com\" target=\"_blank\" title=\"Booking Calendar plugin for WordPress\">Booking Calendar<\/a><\/div><textarea id=\"date_booking1\" name=\"date_booking1\" autocomplete=\"off\" style=\"display:none;\"><\/textarea><div class=\"block_hints datepick\"><div class=\"wpdev_hint_with_text\"><div class=\"block_free datepick-days-cell\"><a>&nbsp;<\/a><\/div><div class=\"block_text\">- Dostupn\u00e9<\/div><\/div><div class=\"wpdev_hint_with_text\"><div class=\"block_booked date_approved\">&nbsp;<\/div><div class=\"block_text\">- Rezervov\u00e1no<\/div><\/div><div class=\"wpdev_hint_with_text\"><div class=\"block_pending date2approve\">&nbsp;<\/div><div class=\"block_text\">- \u010cekaj\u00edc\u00ed<\/div><\/div><\/div><div class=\"wpdev_clear_hint\"><\/div> <script type='text\/javascript'>  jQuery(document).ready( function(){  date_admin_blank[1] = [];  date2approve[1] = [];  var date_approved_par = [];  init_datepick_cal('1', date_approved_par, 2 , 1, [2016,6]   );  }); <\/script><\/span><\/div><br \/>\n<strong>Zamluven\u00ed krabi\u010dky<\/strong><br \/>\nVyu\u017eijte <a href=\"http:\/\/www.smety.cz\/index.php\/enc-krabicka-hr-dalnice\/rezervace-enc\/\">rezerva\u010dn\u00ed formul\u00e1\u0159<\/a><br \/>\nP\u016fj\u010den\u00ed funguje na b\u00e1zi&nbsp;&#8222;kdo d\u0159\u00edv p\u0159ijde, ten d\u0159\u00edv mele&#8220;. A vyhrazuji si pr\u00e1vo VETA pokud by i ji\u017e domluven\u00e9 p\u016fj\u010den\u00ed krabi\u010dky kolidovalo s moj\u00ed dovolenou \ud83d\ude42<\/p>\n","protected":false},"excerpt":{"rendered":"<p>Zn\u00e1m\u00fdm a kamar\u00e1d\u016fm (pokud v\u00e1m tuto str\u00e1nku najde Google a nezn\u00e1me se, pros\u00edm nepi\u0161te mi &#8211; krabi\u010dku &#8222;lidem z ulice&#8220; nep\u016fj\u010duji) nab\u00edz\u00edm k zap\u016fj\u010den\u00ed krabi\u010dku pro elektronick\u00e9 m\u00fdtn\u00e9 na chorvatsk\u00fdch d\u00e1lnic\u00edch (sleva cca 20% oproti placen\u00ed kartou\/cash a hlavn\u011b pr\u016fjezd m\u00fdtnicemi bez \u010dek\u00e1n\u00ed). V\u00edce informac\u00ed o krabi\u010dce na www.hac.hr. Krabi\u010dka je ur\u010dena pro osobn\u00ed auta [&hellip;]<\/p>\n","protected":false},"author":1,"featured_media":0,"parent":0,"menu_order":0,"comment_status":"open","ping_status":"open","template":"","meta":{"pgc_meta":"","footnotes":""},"pgc_meta":"","_links":{"self":[{"href":"https:\/\/www.smety.cz\/index.php\/wp-json\/wp\/v2\/pages\/41"}],"collection":[{"href":"https:\/\/www.smety.cz\/index.php\/wp-json\/wp\/v2\/pages"}],"about":[{"href":"https:\/\/www.smety.cz\/index.php\/wp-json\/wp\/v2\/types\/page"}],"author":[{"embeddable":true,"href":"https:\/\/www.smety.cz\/index.php\/wp-json\/wp\/v2\/users\/1"}],"replies":[{"embeddable":true,"href":"https:\/\/www.smety.cz\/index.php\/wp-json\/wp\/v2\/comments?post=41"}],"version-history":[{"count":16,"href":"https:\/\/www.smety.cz\/index.php\/wp-json\/wp\/v2\/pages\/41\/revisions"}],"predecessor-version":[{"id":2070,"href":"https:\/\/www.smety.cz\/index.php\/wp-json\/wp\/v2\/pages\/41\/revisions\/2070"}],"wp:attachment":[{"href":"https:\/\/www.smety.cz\/index.php\/wp-json\/wp\/v2\/media?parent=41"}],"curies":[{"name":"wp","href":"https:\/\/api.w.org\/{rel}","templated":true}]}}